{"id":6793,"date":"2023-02-06T11:35:57","date_gmt":"2023-02-06T10:35:57","guid":{"rendered":"https:\/\/future-career.eu\/?page_id=6793"},"modified":"2023-05-16T15:48:26","modified_gmt":"2023-05-16T13:48:26","slug":"explora-lugares","status":"publish","type":"page","link":"https:\/\/future-career.eu\/es\/explora-lugares\/","title":{"rendered":"Explora lugares"},"content":{"rendered":"\t\t<div data-elementor-type=\"wp-page\" data-elementor-id=\"6793\" class=\"elementor elementor-6793 elementor-5479\">\n\t\t\t\t\t\t<section class=\"elementor-section elementor-top-section elementor-element elementor-element-457fd6a elementor-section-boxed elementor-section-height-default elementor-section-height-default\" data-id=\"457fd6a\" data-element_type=\"section\">\n\t\t\t\t\t\t<div class=\"elementor-container elementor-column-gap-default\">\n\t\t\t\t\t<div class=\"elementor-column elementor-col-100 elementor-top-column elementor-element elementor-element-a46180c\" data-id=\"a46180c\" data-element_type=\"column\">\n\t\t\t<div class=\"elementor-widget-wrap elementor-element-populated\">\n\t\t\t\t\t\t<div class=\"elementor-element elementor-element-778aa32 elementor-widget__width-initial elementor-invisible elementor-widget elementor-widget-heading\" data-id=\"778aa32\" data-element_type=\"widget\" data-settings=\"{&quot;_animation&quot;:&quot;fadeInDown&quot;}\" data-widget_type=\"heading.default\">\n\t\t\t\t<div class=\"elementor-widget-container\">\n\t\t\t\t\t<h2 class=\"elementor-heading-title elementor-size-default\">\u00bfLas profesiones en demanda var\u00edan seg\u00fan los pa\u00edses?<\/h2>\t\t\t\t<\/div>\n\t\t\t\t<\/div>\n\t\t\t\t<div class=\"elementor-element elementor-element-43850f2 elementor-widget__width-initial elementor-widget elementor-widget-text-editor\" data-id=\"43850f2\" data-element_type=\"widget\" data-widget_type=\"text-editor.default\">\n\t\t\t\t<div class=\"elementor-widget-container\">\n\t\t\t\t\t\t\t\t\t<p style=\"text-align: center;\">Las profesiones en demanda pueden variar entre pa\u00edses debido a factores como las condiciones econ\u00f3micas, las preferencias culturales y los avances tecnol\u00f3gicos. Es esencial comprender los mercados laborales locales y adaptarse a las demandas espec\u00edficas de la industria al explorar oportunidades profesionales a nivel mundial.<\/p><p style=\"text-align: center;\">Haga clic en uno de los pa\u00edses a continuaci\u00f3n para obtener m\u00e1s informaci\u00f3n.<\/p>\t\t\t\t\t\t\t\t<\/div>\n\t\t\t\t<\/div>\n\t\t\t\t\t<\/div>\n\t\t<\/div>\n\t\t\t\t\t<\/div>\n\t\t<\/section>\n\t\t\t\t<section class=\"elementor-section elementor-top-section elementor-element elementor-element-5bec88b elementor-section-boxed elementor-section-height-default elementor-section-height-default\" data-id=\"5bec88b\" data-element_type=\"section\">\n\t\t\t\t\t\t<div class=\"elementor-container elementor-column-gap-default\">\n\t\t\t\t\t<div class=\"elementor-column elementor-col-100 elementor-top-column elementor-element elementor-element-cc9ba67\" data-id=\"cc9ba67\" data-element_type=\"column\">\n\t\t\t<div class=\"elementor-widget-wrap elementor-element-populated\">\n\t\t\t\t\t\t<div class=\"elementor-element elementor-element-dae01bf elementor-widget elementor-widget-shortcode\" data-id=\"dae01bf\" data-element_type=\"widget\" data-widget_type=\"shortcode.default\">\n\t\t\t\t<div class=\"elementor-widget-container\">\n\t\t\t\t\t\t\t<div class=\"elementor-shortcode\"><div class=\"map_wrapper\" id=\"map_wrapper_7018\">\n<div class=\"map_box\" style=\"max-width:2000px\">\n<div class=\"map_aspect_ratio\" style=\"padding-top:60%\" data-padding-top=\"60%\" data-padding-top-mobile=\"0%\">\n<div class=\"map_container\">\n<div class=\"map_render map_loading\" id=\"map_7018\"><\/div>\n<\/div>\n<\/div>\n<\/div>\n<\/div><\/div>\n\t\t\t\t\t\t<\/div>\n\t\t\t\t<\/div>\n\t\t\t\t\t<\/div>\n\t\t<\/div>\n\t\t\t\t\t<\/div>\n\t\t<\/section>\n\t\t\t\t<\/div>\n\t\t","protected":false},"excerpt":{"rendered":"<p>\u00bfLas profesiones en demanda var\u00edan seg\u00fan los pa\u00edses? Las profesiones en demanda pueden variar entre pa\u00edses debido a factores como las condiciones econ\u00f3micas, las preferencias culturales y los avances tecnol\u00f3gicos. Es esencial comprender los mercados laborales locales y adaptarse a las demandas espec\u00edficas de la industria al explorar oportunidades profesionales a nivel mundial. Haga clic<\/p>\n","protected":false},"author":1,"featured_media":0,"parent":0,"menu_order":0,"comment_status":"closed","ping_status":"closed","template":"elementor_header_footer","meta":{"footnotes":""},"class_list":["post-6793","page","type-page","status-publish","hentry"],"acf":[],"yoast_head":"<!-- This site is optimized with the Yoast SEO plugin v24.6 - https:\/\/yoast.com\/wordpress\/plugins\/seo\/ -->\n<title>Explora lugares | Future Career<\/title>\n<meta name=\"robots\" content=\"index, follow, max-snippet:-1, max-image-preview:large, max-video-preview:-1\" \/>\n<link rel=\"canonical\" href=\"https:\/\/future-career.eu\/es\/explora-lugares\/\" \/>\n<meta property=\"og:locale\" content=\"es_ES\" \/>\n<meta property=\"og:type\" content=\"article\" \/>\n<meta property=\"og:title\" content=\"Explora lugares | Future Career\" \/>\n<meta property=\"og:description\" content=\"\u00bfLas profesiones en demanda var\u00edan seg\u00fan los pa\u00edses? Las profesiones en demanda pueden variar entre pa\u00edses debido a factores como las condiciones econ\u00f3micas, las preferencias culturales y los avances tecnol\u00f3gicos. Es esencial comprender los mercados laborales locales y adaptarse a las demandas espec\u00edficas de la industria al explorar oportunidades profesionales a nivel mundial. Haga clic\" \/>\n<meta property=\"og:url\" content=\"https:\/\/future-career.eu\/es\/explora-lugares\/\" \/>\n<meta property=\"og:site_name\" content=\"Future Career\" \/>\n<meta property=\"article:modified_time\" content=\"2023-05-16T13:48:26+00:00\" \/>\n<meta property=\"og:image\" content=\"https:\/\/future-career.eu\/wp-content\/uploads\/2023\/02\/Edu.Guidance-logo.png\" \/>\n\t<meta property=\"og:image:width\" content=\"754\" \/>\n\t<meta property=\"og:image:height\" content=\"778\" \/>\n\t<meta property=\"og:image:type\" content=\"image\/png\" \/>\n<meta name=\"twitter:card\" content=\"summary_large_image\" \/>\n<script type=\"application\/ld+json\" class=\"yoast-schema-graph\">{\"@context\":\"https:\/\/schema.org\",\"@graph\":[{\"@type\":\"WebPage\",\"@id\":\"https:\/\/future-career.eu\/es\/explora-lugares\/\",\"url\":\"https:\/\/future-career.eu\/es\/explora-lugares\/\",\"name\":\"Explora lugares | Future Career\",\"isPartOf\":{\"@id\":\"https:\/\/future-career.eu\/es\/#website\"},\"datePublished\":\"2023-02-06T10:35:57+00:00\",\"dateModified\":\"2023-05-16T13:48:26+00:00\",\"breadcrumb\":{\"@id\":\"https:\/\/future-career.eu\/es\/explora-lugares\/#breadcrumb\"},\"inLanguage\":\"es\",\"potentialAction\":[{\"@type\":\"ReadAction\",\"target\":[\"https:\/\/future-career.eu\/es\/explora-lugares\/\"]}]},{\"@type\":\"BreadcrumbList\",\"@id\":\"https:\/\/future-career.eu\/es\/explora-lugares\/#breadcrumb\",\"itemListElement\":[{\"@type\":\"ListItem\",\"position\":1,\"name\":\"Home\",\"item\":\"https:\/\/future-career.eu\/es\/\"},{\"@type\":\"ListItem\",\"position\":2,\"name\":\"Explora lugares\"}]},{\"@type\":\"WebSite\",\"@id\":\"https:\/\/future-career.eu\/es\/#website\",\"url\":\"https:\/\/future-career.eu\/es\/\",\"name\":\"Future Career\",\"description\":\"Discover your professional path\",\"publisher\":{\"@id\":\"https:\/\/future-career.eu\/es\/#organization\"},\"potentialAction\":[{\"@type\":\"SearchAction\",\"target\":{\"@type\":\"EntryPoint\",\"urlTemplate\":\"https:\/\/future-career.eu\/es\/?s={search_term_string}\"},\"query-input\":{\"@type\":\"PropertyValueSpecification\",\"valueRequired\":true,\"valueName\":\"search_term_string\"}}],\"inLanguage\":\"es\"},{\"@type\":\"Organization\",\"@id\":\"https:\/\/future-career.eu\/es\/#organization\",\"name\":\"Edu Guidance\",\"url\":\"https:\/\/future-career.eu\/es\/\",\"logo\":{\"@type\":\"ImageObject\",\"inLanguage\":\"es\",\"@id\":\"https:\/\/future-career.eu\/es\/#\/schema\/logo\/image\/\",\"url\":\"https:\/\/future-career.eu\/wp-content\/uploads\/2023\/02\/Edu.Guidance-logo.png\",\"contentUrl\":\"https:\/\/future-career.eu\/wp-content\/uploads\/2023\/02\/Edu.Guidance-logo.png\",\"width\":754,\"height\":778,\"caption\":\"Edu Guidance\"},\"image\":{\"@id\":\"https:\/\/future-career.eu\/es\/#\/schema\/logo\/image\/\"}}]}<\/script>\n<!-- \/ Yoast SEO plugin. -->","yoast_head_json":{"title":"Explora lugares | Future Career","robots":{"index":"index","follow":"follow","max-snippet":"max-snippet:-1","max-image-preview":"max-image-preview:large","max-video-preview":"max-video-preview:-1"},"canonical":"https:\/\/future-career.eu\/es\/explora-lugares\/","og_locale":"es_ES","og_type":"article","og_title":"Explora lugares | Future Career","og_description":"\u00bfLas profesiones en demanda var\u00edan seg\u00fan los pa\u00edses? Las profesiones en demanda pueden variar entre pa\u00edses debido a factores como las condiciones econ\u00f3micas, las preferencias culturales y los avances tecnol\u00f3gicos. Es esencial comprender los mercados laborales locales y adaptarse a las demandas espec\u00edficas de la industria al explorar oportunidades profesionales a nivel mundial. Haga clic","og_url":"https:\/\/future-career.eu\/es\/explora-lugares\/","og_site_name":"Future Career","article_modified_time":"2023-05-16T13:48:26+00:00","og_image":[{"width":754,"height":778,"url":"https:\/\/future-career.eu\/wp-content\/uploads\/2023\/02\/Edu.Guidance-logo.png","type":"image\/png"}],"twitter_card":"summary_large_image","schema":{"@context":"https:\/\/schema.org","@graph":[{"@type":"WebPage","@id":"https:\/\/future-career.eu\/es\/explora-lugares\/","url":"https:\/\/future-career.eu\/es\/explora-lugares\/","name":"Explora lugares | Future Career","isPartOf":{"@id":"https:\/\/future-career.eu\/es\/#website"},"datePublished":"2023-02-06T10:35:57+00:00","dateModified":"2023-05-16T13:48:26+00:00","breadcrumb":{"@id":"https:\/\/future-career.eu\/es\/explora-lugares\/#breadcrumb"},"inLanguage":"es","potentialAction":[{"@type":"ReadAction","target":["https:\/\/future-career.eu\/es\/explora-lugares\/"]}]},{"@type":"BreadcrumbList","@id":"https:\/\/future-career.eu\/es\/explora-lugares\/#breadcrumb","itemListElement":[{"@type":"ListItem","position":1,"name":"Home","item":"https:\/\/future-career.eu\/es\/"},{"@type":"ListItem","position":2,"name":"Explora lugares"}]},{"@type":"WebSite","@id":"https:\/\/future-career.eu\/es\/#website","url":"https:\/\/future-career.eu\/es\/","name":"Future Career","description":"Discover your professional path","publisher":{"@id":"https:\/\/future-career.eu\/es\/#organization"},"potentialAction":[{"@type":"SearchAction","target":{"@type":"EntryPoint","urlTemplate":"https:\/\/future-career.eu\/es\/?s={search_term_string}"},"query-input":{"@type":"PropertyValueSpecification","valueRequired":true,"valueName":"search_term_string"}}],"inLanguage":"es"},{"@type":"Organization","@id":"https:\/\/future-career.eu\/es\/#organization","name":"Edu Guidance","url":"https:\/\/future-career.eu\/es\/","logo":{"@type":"ImageObject","inLanguage":"es","@id":"https:\/\/future-career.eu\/es\/#\/schema\/logo\/image\/","url":"https:\/\/future-career.eu\/wp-content\/uploads\/2023\/02\/Edu.Guidance-logo.png","contentUrl":"https:\/\/future-career.eu\/wp-content\/uploads\/2023\/02\/Edu.Guidance-logo.png","width":754,"height":778,"caption":"Edu Guidance"},"image":{"@id":"https:\/\/future-career.eu\/es\/#\/schema\/logo\/image\/"}}]}},"_links":{"self":[{"href":"https:\/\/future-career.eu\/es\/wp-json\/wp\/v2\/pages\/6793","targetHints":{"allow":["GET"]}}],"collection":[{"href":"https:\/\/future-career.eu\/es\/wp-json\/wp\/v2\/pages"}],"about":[{"href":"https:\/\/future-career.eu\/es\/wp-json\/wp\/v2\/types\/page"}],"author":[{"embeddable":true,"href":"https:\/\/future-career.eu\/es\/wp-json\/wp\/v2\/users\/1"}],"replies":[{"embeddable":true,"href":"https:\/\/future-career.eu\/es\/wp-json\/wp\/v2\/comments?post=6793"}],"version-history":[{"count":19,"href":"https:\/\/future-career.eu\/es\/wp-json\/wp\/v2\/pages\/6793\/revisions"}],"predecessor-version":[{"id":7716,"href":"https:\/\/future-career.eu\/es\/wp-json\/wp\/v2\/pages\/6793\/revisions\/7716"}],"wp:attachment":[{"href":"https:\/\/future-career.eu\/es\/wp-json\/wp\/v2\/media?parent=6793"}],"curies":[{"name":"wp","href":"https:\/\/api.w.org\/{rel}","templated":true}]}}