{"id":10558,"date":"2023-02-06T11:35:57","date_gmt":"2023-02-06T10:35:57","guid":{"rendered":"https:\/\/future-career.eu\/?page_id=10558"},"modified":"2023-05-18T14:29:37","modified_gmt":"2023-05-18T12:29:37","slug":"explorar-lugares","status":"publish","type":"page","link":"https:\/\/future-career.eu\/pt-pt\/explorar-lugares\/","title":{"rendered":"Explorar lugares"},"content":{"rendered":"\t\t<div data-elementor-type=\"wp-page\" data-elementor-id=\"10558\" class=\"elementor elementor-10558 elementor-5479\">\n\t\t\t\t\t\t<section class=\"elementor-section elementor-top-section elementor-element elementor-element-5b772a3 elementor-section-boxed elementor-section-height-default elementor-section-height-default\" data-id=\"5b772a3\" data-element_type=\"section\">\n\t\t\t\t\t\t<div class=\"elementor-container elementor-column-gap-default\">\n\t\t\t\t\t<div class=\"elementor-column elementor-col-100 elementor-top-column elementor-element elementor-element-ffe122f\" data-id=\"ffe122f\" data-element_type=\"column\">\n\t\t\t<div class=\"elementor-widget-wrap elementor-element-populated\">\n\t\t\t\t\t\t<div class=\"elementor-element elementor-element-b5bc508 elementor-widget__width-initial elementor-invisible elementor-widget elementor-widget-heading\" data-id=\"b5bc508\" data-element_type=\"widget\" data-settings=\"{&quot;_animation&quot;:&quot;fadeInDown&quot;}\" data-widget_type=\"heading.default\">\n\t\t\t\t<div class=\"elementor-widget-container\">\n\t\t\t\t\t<h2 class=\"elementor-heading-title elementor-size-default\">As profiss\u00f5es em demanda variam entre os pa\u00edses?<\/h2>\t\t\t\t<\/div>\n\t\t\t\t<\/div>\n\t\t\t\t<div class=\"elementor-element elementor-element-60108b1 elementor-widget__width-initial elementor-widget elementor-widget-text-editor\" data-id=\"60108b1\" data-element_type=\"widget\" data-widget_type=\"text-editor.default\">\n\t\t\t\t<div class=\"elementor-widget-container\">\n\t\t\t\t\t\t\t\t\t<p style=\"text-align: center;\">As profiss\u00f5es sob demanda podem variar entre os pa\u00edses devido a fatores como condi\u00e7\u00f5es econ\u00f4micas, prefer\u00eancias culturais e avan\u00e7os tecnol\u00f3gicos. \u00c9 essencial entender os mercados de trabalho locais e se adaptar \u00e0s demandas espec\u00edficas da ind\u00fastria ao explorar oportunidades de carreira globalmente.<\/p><p style=\"text-align: center;\">Clique em um dos pa\u00edses abaixo para saber mais.<\/p>\t\t\t\t\t\t\t\t<\/div>\n\t\t\t\t<\/div>\n\t\t\t\t\t<\/div>\n\t\t<\/div>\n\t\t\t\t\t<\/div>\n\t\t<\/section>\n\t\t\t\t<section class=\"elementor-section elementor-top-section elementor-element elementor-element-5bec88b elementor-section-boxed elementor-section-height-default elementor-section-height-default\" data-id=\"5bec88b\" data-element_type=\"section\">\n\t\t\t\t\t\t<div class=\"elementor-container elementor-column-gap-default\">\n\t\t\t\t\t<div class=\"elementor-column elementor-col-100 elementor-top-column elementor-element elementor-element-cc9ba67\" data-id=\"cc9ba67\" data-element_type=\"column\">\n\t\t\t<div class=\"elementor-widget-wrap elementor-element-populated\">\n\t\t\t\t\t\t<div class=\"elementor-element elementor-element-dae01bf elementor-widget elementor-widget-shortcode\" data-id=\"dae01bf\" data-element_type=\"widget\" data-widget_type=\"shortcode.default\">\n\t\t\t\t<div class=\"elementor-widget-container\">\n\t\t\t\t\t\t\t<div class=\"elementor-shortcode\"><div class=\"map_wrapper\" id=\"map_wrapper_10583\">\n<div class=\"map_box\" style=\"max-width:2000px\">\n<div class=\"map_aspect_ratio\" style=\"padding-top:60%\" data-padding-top=\"60%\" data-padding-top-mobile=\"0%\">\n<div class=\"map_container\">\n<div class=\"map_render map_loading\" id=\"map_10583\"><\/div>\n<\/div>\n<\/div>\n<\/div>\n<\/div><\/div>\n\t\t\t\t\t\t<\/div>\n\t\t\t\t<\/div>\n\t\t\t\t\t<\/div>\n\t\t<\/div>\n\t\t\t\t\t<\/div>\n\t\t<\/section>\n\t\t\t\t<\/div>\n\t\t","protected":false},"excerpt":{"rendered":"<p>As profiss\u00f5es em demanda variam entre os pa\u00edses? As profiss\u00f5es sob demanda podem variar entre os pa\u00edses devido a fatores como condi\u00e7\u00f5es econ\u00f4micas, prefer\u00eancias culturais e avan\u00e7os tecnol\u00f3gicos. \u00c9 essencial entender os mercados de trabalho locais e se adaptar \u00e0s demandas espec\u00edficas da ind\u00fastria ao explorar oportunidades de carreira globalmente. Clique em um dos pa\u00edses<\/p>\n","protected":false},"author":1,"featured_media":0,"parent":0,"menu_order":0,"comment_status":"closed","ping_status":"closed","template":"elementor_header_footer","meta":{"footnotes":""},"class_list":["post-10558","page","type-page","status-publish","hentry"],"acf":[],"yoast_head":"<!-- This site is optimized with the Yoast SEO plugin v24.6 - https:\/\/yoast.com\/wordpress\/plugins\/seo\/ -->\n<title>Explorar lugares | Future Career<\/title>\n<meta name=\"robots\" content=\"index, follow, max-snippet:-1, max-image-preview:large, max-video-preview:-1\" \/>\n<link rel=\"canonical\" href=\"https:\/\/future-career.eu\/pt-pt\/explorar-lugares\/\" \/>\n<meta property=\"og:locale\" content=\"pt_PT\" \/>\n<meta property=\"og:type\" content=\"article\" \/>\n<meta property=\"og:title\" content=\"Explorar lugares | Future Career\" \/>\n<meta property=\"og:description\" content=\"As profiss\u00f5es em demanda variam entre os pa\u00edses? As profiss\u00f5es sob demanda podem variar entre os pa\u00edses devido a fatores como condi\u00e7\u00f5es econ\u00f4micas, prefer\u00eancias culturais e avan\u00e7os tecnol\u00f3gicos. \u00c9 essencial entender os mercados de trabalho locais e se adaptar \u00e0s demandas espec\u00edficas da ind\u00fastria ao explorar oportunidades de carreira globalmente. Clique em um dos pa\u00edses\" \/>\n<meta property=\"og:url\" content=\"https:\/\/future-career.eu\/pt-pt\/explorar-lugares\/\" \/>\n<meta property=\"og:site_name\" content=\"Future Career\" \/>\n<meta property=\"article:modified_time\" content=\"2023-05-18T12:29:37+00:00\" \/>\n<meta property=\"og:image\" content=\"https:\/\/future-career.eu\/wp-content\/uploads\/2023\/02\/Edu.Guidance-logo.png\" \/>\n\t<meta property=\"og:image:width\" content=\"754\" \/>\n\t<meta property=\"og:image:height\" content=\"778\" \/>\n\t<meta property=\"og:image:type\" content=\"image\/png\" \/>\n<meta name=\"twitter:card\" content=\"summary_large_image\" \/>\n<script type=\"application\/ld+json\" class=\"yoast-schema-graph\">{\"@context\":\"https:\/\/schema.org\",\"@graph\":[{\"@type\":\"WebPage\",\"@id\":\"https:\/\/future-career.eu\/pt-pt\/explorar-lugares\/\",\"url\":\"https:\/\/future-career.eu\/pt-pt\/explorar-lugares\/\",\"name\":\"Explorar lugares | Future Career\",\"isPartOf\":{\"@id\":\"https:\/\/future-career.eu\/pt-pt\/#website\"},\"datePublished\":\"2023-02-06T10:35:57+00:00\",\"dateModified\":\"2023-05-18T12:29:37+00:00\",\"breadcrumb\":{\"@id\":\"https:\/\/future-career.eu\/pt-pt\/explorar-lugares\/#breadcrumb\"},\"inLanguage\":\"pt-PT\",\"potentialAction\":[{\"@type\":\"ReadAction\",\"target\":[\"https:\/\/future-career.eu\/pt-pt\/explorar-lugares\/\"]}]},{\"@type\":\"BreadcrumbList\",\"@id\":\"https:\/\/future-career.eu\/pt-pt\/explorar-lugares\/#breadcrumb\",\"itemListElement\":[{\"@type\":\"ListItem\",\"position\":1,\"name\":\"Home\",\"item\":\"https:\/\/future-career.eu\/pt-pt\/\"},{\"@type\":\"ListItem\",\"position\":2,\"name\":\"Explorar lugares\"}]},{\"@type\":\"WebSite\",\"@id\":\"https:\/\/future-career.eu\/pt-pt\/#website\",\"url\":\"https:\/\/future-career.eu\/pt-pt\/\",\"name\":\"Future Career\",\"description\":\"Discover your professional path\",\"publisher\":{\"@id\":\"https:\/\/future-career.eu\/pt-pt\/#organization\"},\"potentialAction\":[{\"@type\":\"SearchAction\",\"target\":{\"@type\":\"EntryPoint\",\"urlTemplate\":\"https:\/\/future-career.eu\/pt-pt\/?s={search_term_string}\"},\"query-input\":{\"@type\":\"PropertyValueSpecification\",\"valueRequired\":true,\"valueName\":\"search_term_string\"}}],\"inLanguage\":\"pt-PT\"},{\"@type\":\"Organization\",\"@id\":\"https:\/\/future-career.eu\/pt-pt\/#organization\",\"name\":\"Edu Guidance\",\"url\":\"https:\/\/future-career.eu\/pt-pt\/\",\"logo\":{\"@type\":\"ImageObject\",\"inLanguage\":\"pt-PT\",\"@id\":\"https:\/\/future-career.eu\/pt-pt\/#\/schema\/logo\/image\/\",\"url\":\"https:\/\/future-career.eu\/wp-content\/uploads\/2023\/02\/Edu.Guidance-logo.png\",\"contentUrl\":\"https:\/\/future-career.eu\/wp-content\/uploads\/2023\/02\/Edu.Guidance-logo.png\",\"width\":754,\"height\":778,\"caption\":\"Edu Guidance\"},\"image\":{\"@id\":\"https:\/\/future-career.eu\/pt-pt\/#\/schema\/logo\/image\/\"}}]}<\/script>\n<!-- \/ Yoast SEO plugin. -->","yoast_head_json":{"title":"Explorar lugares | Future Career","robots":{"index":"index","follow":"follow","max-snippet":"max-snippet:-1","max-image-preview":"max-image-preview:large","max-video-preview":"max-video-preview:-1"},"canonical":"https:\/\/future-career.eu\/pt-pt\/explorar-lugares\/","og_locale":"pt_PT","og_type":"article","og_title":"Explorar lugares | Future Career","og_description":"As profiss\u00f5es em demanda variam entre os pa\u00edses? As profiss\u00f5es sob demanda podem variar entre os pa\u00edses devido a fatores como condi\u00e7\u00f5es econ\u00f4micas, prefer\u00eancias culturais e avan\u00e7os tecnol\u00f3gicos. \u00c9 essencial entender os mercados de trabalho locais e se adaptar \u00e0s demandas espec\u00edficas da ind\u00fastria ao explorar oportunidades de carreira globalmente. Clique em um dos pa\u00edses","og_url":"https:\/\/future-career.eu\/pt-pt\/explorar-lugares\/","og_site_name":"Future Career","article_modified_time":"2023-05-18T12:29:37+00:00","og_image":[{"width":754,"height":778,"url":"https:\/\/future-career.eu\/wp-content\/uploads\/2023\/02\/Edu.Guidance-logo.png","type":"image\/png"}],"twitter_card":"summary_large_image","schema":{"@context":"https:\/\/schema.org","@graph":[{"@type":"WebPage","@id":"https:\/\/future-career.eu\/pt-pt\/explorar-lugares\/","url":"https:\/\/future-career.eu\/pt-pt\/explorar-lugares\/","name":"Explorar lugares | Future Career","isPartOf":{"@id":"https:\/\/future-career.eu\/pt-pt\/#website"},"datePublished":"2023-02-06T10:35:57+00:00","dateModified":"2023-05-18T12:29:37+00:00","breadcrumb":{"@id":"https:\/\/future-career.eu\/pt-pt\/explorar-lugares\/#breadcrumb"},"inLanguage":"pt-PT","potentialAction":[{"@type":"ReadAction","target":["https:\/\/future-career.eu\/pt-pt\/explorar-lugares\/"]}]},{"@type":"BreadcrumbList","@id":"https:\/\/future-career.eu\/pt-pt\/explorar-lugares\/#breadcrumb","itemListElement":[{"@type":"ListItem","position":1,"name":"Home","item":"https:\/\/future-career.eu\/pt-pt\/"},{"@type":"ListItem","position":2,"name":"Explorar lugares"}]},{"@type":"WebSite","@id":"https:\/\/future-career.eu\/pt-pt\/#website","url":"https:\/\/future-career.eu\/pt-pt\/","name":"Future Career","description":"Discover your professional path","publisher":{"@id":"https:\/\/future-career.eu\/pt-pt\/#organization"},"potentialAction":[{"@type":"SearchAction","target":{"@type":"EntryPoint","urlTemplate":"https:\/\/future-career.eu\/pt-pt\/?s={search_term_string}"},"query-input":{"@type":"PropertyValueSpecification","valueRequired":true,"valueName":"search_term_string"}}],"inLanguage":"pt-PT"},{"@type":"Organization","@id":"https:\/\/future-career.eu\/pt-pt\/#organization","name":"Edu Guidance","url":"https:\/\/future-career.eu\/pt-pt\/","logo":{"@type":"ImageObject","inLanguage":"pt-PT","@id":"https:\/\/future-career.eu\/pt-pt\/#\/schema\/logo\/image\/","url":"https:\/\/future-career.eu\/wp-content\/uploads\/2023\/02\/Edu.Guidance-logo.png","contentUrl":"https:\/\/future-career.eu\/wp-content\/uploads\/2023\/02\/Edu.Guidance-logo.png","width":754,"height":778,"caption":"Edu Guidance"},"image":{"@id":"https:\/\/future-career.eu\/pt-pt\/#\/schema\/logo\/image\/"}}]}},"_links":{"self":[{"href":"https:\/\/future-career.eu\/pt-pt\/wp-json\/wp\/v2\/pages\/10558","targetHints":{"allow":["GET"]}}],"collection":[{"href":"https:\/\/future-career.eu\/pt-pt\/wp-json\/wp\/v2\/pages"}],"about":[{"href":"https:\/\/future-career.eu\/pt-pt\/wp-json\/wp\/v2\/types\/page"}],"author":[{"embeddable":true,"href":"https:\/\/future-career.eu\/pt-pt\/wp-json\/wp\/v2\/users\/1"}],"replies":[{"embeddable":true,"href":"https:\/\/future-career.eu\/pt-pt\/wp-json\/wp\/v2\/comments?post=10558"}],"version-history":[{"count":7,"href":"https:\/\/future-career.eu\/pt-pt\/wp-json\/wp\/v2\/pages\/10558\/revisions"}],"predecessor-version":[{"id":10586,"href":"https:\/\/future-career.eu\/pt-pt\/wp-json\/wp\/v2\/pages\/10558\/revisions\/10586"}],"wp:attachment":[{"href":"https:\/\/future-career.eu\/pt-pt\/wp-json\/wp\/v2\/media?parent=10558"}],"curies":[{"name":"wp","href":"https:\/\/api.w.org\/{rel}","templated":true}]}}