{"id":10563,"date":"2023-02-06T10:51:10","date_gmt":"2023-02-06T09:51:10","guid":{"rendered":"https:\/\/future-career.eu\/?page_id=10563"},"modified":"2023-05-18T14:22:29","modified_gmt":"2023-05-18T12:22:29","slug":"habilidades","status":"publish","type":"page","link":"https:\/\/future-career.eu\/pt-pt\/habilidades\/","title":{"rendered":"Habilidades"},"content":{"rendered":"\t\t<div data-elementor-type=\"wp-page\" data-elementor-id=\"10563\" class=\"elementor elementor-10563 elementor-5456\">\n\t\t\t\t\t\t<section class=\"elementor-section elementor-top-section elementor-element elementor-element-ca75abc elementor-section-boxed elementor-section-height-default elementor-section-height-default\" data-id=\"ca75abc\" data-element_type=\"section\">\n\t\t\t\t\t\t<div class=\"elementor-container elementor-column-gap-default\">\n\t\t\t\t\t<div class=\"elementor-column elementor-col-100 elementor-top-column elementor-element elementor-element-492e310\" data-id=\"492e310\" data-element_type=\"column\">\n\t\t\t<div class=\"elementor-widget-wrap elementor-element-populated\">\n\t\t\t\t\t\t<div class=\"elementor-element elementor-element-e337e01 elementor-widget elementor-widget-kidzo_portfolio\" data-id=\"e337e01\" data-element_type=\"widget\" data-widget_type=\"kidzo_portfolio.default\">\n\t\t\t\t<div class=\"elementor-widget-container\">\n\t\t\t\t\t        <!-- team part here -->\r\n    <section class=\"team_section section_padding\">\r\n        <div class=\"container custom_container\">\r\n            <div class=\"row justify-content-center\">\r\n                <div class=\"col-lg-7\">\r\n                    <div class=\"section_tittle_style_02\">\r\n                                                    <h2 class=\"title wow fadeInDown\" data-wow-delay=\".5s\">Quais habilidades eu preciso?<\/h2>\r\n                                                                        <p class=\"description wow fadeInDown\" data-wow-delay=\".3s\"><p>No vasto cen\u00e1rio de profiss\u00f5es, cada uma exige seu pr\u00f3prio conjunto de habilidades. Pense em criatividade, solu\u00e7\u00e3o de problemas, trabalho em equipe, comunica\u00e7\u00e3o, adaptabilidade e conhecimento digital. Essas habilidades liberam seu potencial, ajudando voc\u00ea a vencer desafios e aproveitar oportunidades.<\/p><\/p>\r\n                                            <\/div>\r\n                <\/div>\r\n            <\/div>\r\n            <div class=\"row\">\r\n                                                <div class=\"col-lg-4 col-sm-6 wow fadeInUp\" data-wow-delay=\".3s\">\r\n                                    <div class=\"single_team_section\">\r\n                                        <a href=\"https:\/\/future-career.eu\/pt-pt\/skills\/criatividade\/\">\r\n                                            <img fetchpriority=\"high\" decoding=\"async\" width=\"350\" height=\"250\" src=\"https:\/\/future-career.eu\/wp-content\/uploads\/2023\/02\/creativity-1-350x250.jpg\" class=\"img-fluid wp-post-image\" alt=\"\" \/>                                        <\/a>\r\n                                        <span><\/span>\r\n                                        <h4> <a href=\"https:\/\/future-career.eu\/pt-pt\/skills\/criatividade\/\">Criatividade<\/a><\/h4>\r\n                                        <p><\/p>\r\n                                    <\/div>\r\n                                <\/div>\r\n                                                                <div class=\"col-lg-4 col-sm-6 wow fadeInUp\" data-wow-delay=\".3s\">\r\n                                    <div class=\"single_team_section\">\r\n                                        <a href=\"https:\/\/future-career.eu\/pt-pt\/skills\/gerenciamento-de-tempo\/\">\r\n                                            <img decoding=\"async\" width=\"350\" height=\"250\" src=\"https:\/\/future-career.eu\/wp-content\/uploads\/2023\/04\/time-management2-350x250.jpg\" class=\"img-fluid wp-post-image\" alt=\"\" \/>                                        <\/a>\r\n                                        <span><\/span>\r\n                                        <h4> <a href=\"https:\/\/future-career.eu\/pt-pt\/skills\/gerenciamento-de-tempo\/\">Gerenciamento de tempo<\/a><\/h4>\r\n                                        <p><\/p>\r\n                                    <\/div>\r\n                                <\/div>\r\n                                                                <div class=\"col-lg-4 col-sm-6 wow fadeInUp\" data-wow-delay=\".3s\">\r\n                                    <div class=\"single_team_section\">\r\n                                        <a href=\"https:\/\/future-career.eu\/pt-pt\/skills\/pensamento-critico\/\">\r\n                                            <img decoding=\"async\" width=\"350\" height=\"250\" src=\"https:\/\/future-career.eu\/wp-content\/uploads\/2023\/05\/critical-thinking-350x250.jpg\" class=\"img-fluid wp-post-image\" alt=\"\" \/>                                        <\/a>\r\n                                        <span><\/span>\r\n                                        <h4> <a href=\"https:\/\/future-career.eu\/pt-pt\/skills\/pensamento-critico\/\">Pensamento cr\u00edtico<\/a><\/h4>\r\n                                        <p><\/p>\r\n                                    <\/div>\r\n                                <\/div>\r\n                                                                <div class=\"col-lg-4 col-sm-6 wow fadeInUp\" data-wow-delay=\".3s\">\r\n                                    <div class=\"single_team_section\">\r\n                                        <a href=\"https:\/\/future-career.eu\/pt-pt\/skills\/solucao-de-problemas\/\">\r\n                                            <img loading=\"lazy\" decoding=\"async\" width=\"350\" height=\"250\" src=\"https:\/\/future-career.eu\/wp-content\/uploads\/2023\/05\/problem-solving-350x250.jpg\" class=\"img-fluid wp-post-image\" alt=\"\" \/>                                        <\/a>\r\n                                        <span><\/span>\r\n                                        <h4> <a href=\"https:\/\/future-career.eu\/pt-pt\/skills\/solucao-de-problemas\/\">Solu\u00e7\u00e3o de problemas<\/a><\/h4>\r\n                                        <p><\/p>\r\n                                    <\/div>\r\n                                <\/div>\r\n                                                                <div class=\"col-lg-4 col-sm-6 wow fadeInUp\" data-wow-delay=\".3s\">\r\n                                    <div class=\"single_team_section\">\r\n                                        <a href=\"https:\/\/future-career.eu\/pt-pt\/skills\/lideranca\/\">\r\n                                            <img loading=\"lazy\" decoding=\"async\" width=\"350\" height=\"250\" src=\"https:\/\/future-career.eu\/wp-content\/uploads\/2023\/05\/leadership-350x250.jpg\" class=\"img-fluid wp-post-image\" alt=\"\" \/>                                        <\/a>\r\n                                        <span><\/span>\r\n                                        <h4> <a href=\"https:\/\/future-career.eu\/pt-pt\/skills\/lideranca\/\">Lideran\u00e7a<\/a><\/h4>\r\n                                        <p><\/p>\r\n                                    <\/div>\r\n                                <\/div>\r\n                                                                <div class=\"col-lg-4 col-sm-6 wow fadeInUp\" data-wow-delay=\".3s\">\r\n                                    <div class=\"single_team_section\">\r\n                                        <a href=\"https:\/\/future-career.eu\/pt-pt\/skills\/flexibilidade\/\">\r\n                                            <img loading=\"lazy\" decoding=\"async\" width=\"350\" height=\"250\" src=\"https:\/\/future-career.eu\/wp-content\/uploads\/2023\/05\/flexibility-350x250.jpg\" class=\"img-fluid wp-post-image\" alt=\"\" \/>                                        <\/a>\r\n                                        <span><\/span>\r\n                                        <h4> <a href=\"https:\/\/future-career.eu\/pt-pt\/skills\/flexibilidade\/\">Flexibilidade<\/a><\/h4>\r\n                                        <p><\/p>\r\n                                    <\/div>\r\n                                <\/div>\r\n                                                                <div class=\"col-lg-4 col-sm-6 wow fadeInUp\" data-wow-delay=\".3s\">\r\n                                    <div class=\"single_team_section\">\r\n                                        <a href=\"https:\/\/future-career.eu\/pt-pt\/skills\/resiliencia\/\">\r\n                                            <img loading=\"lazy\" decoding=\"async\" width=\"350\" height=\"250\" src=\"https:\/\/future-career.eu\/wp-content\/uploads\/2023\/05\/resilience-350x250.jpg\" class=\"img-fluid wp-post-image\" alt=\"\" \/>                                        <\/a>\r\n                                        <span><\/span>\r\n                                        <h4> <a href=\"https:\/\/future-career.eu\/pt-pt\/skills\/resiliencia\/\">Resili\u00eancia<\/a><\/h4>\r\n                                        <p><\/p>\r\n                                    <\/div>\r\n                                <\/div>\r\n                                                                <div class=\"col-lg-4 col-sm-6 wow fadeInUp\" data-wow-delay=\".3s\">\r\n                                    <div class=\"single_team_section\">\r\n                                        <a href=\"https:\/\/future-career.eu\/pt-pt\/skills\/consolidacao-de-equipe\/\">\r\n                                            <img loading=\"lazy\" decoding=\"async\" width=\"350\" height=\"250\" src=\"https:\/\/future-career.eu\/wp-content\/uploads\/2023\/05\/team-building-350x250.jpg\" class=\"img-fluid wp-post-image\" alt=\"\" \/>                                        <\/a>\r\n                                        <span><\/span>\r\n                                        <h4> <a href=\"https:\/\/future-career.eu\/pt-pt\/skills\/consolidacao-de-equipe\/\">Consolida\u00e7\u00e3o de equipe<\/a><\/h4>\r\n                                        <p><\/p>\r\n                                    <\/div>\r\n                                <\/div>\r\n                                            <\/div>\r\n        <\/div>\r\n            <\/section>\r\n\t\t\t\t<\/div>\n\t\t\t\t<\/div>\n\t\t\t\t\t<\/div>\n\t\t<\/div>\n\t\t\t\t\t<\/div>\n\t\t<\/section>\n\t\t\t\t<\/div>\n\t\t","protected":false},"excerpt":{"rendered":"<p>Quais habilidades eu preciso? No vasto cen\u00e1rio de profiss\u00f5es, cada uma exige seu pr\u00f3prio conjunto de habilidades. Pense em criatividade, solu\u00e7\u00e3o de problemas, trabalho em equipe, comunica\u00e7\u00e3o, adaptabilidade e conhecimento digital. Essas habilidades liberam seu potencial, ajudando voc\u00ea a vencer desafios e aproveitar oportunidades.<\/p>\n","protected":false},"author":1,"featured_media":0,"parent":0,"menu_order":0,"comment_status":"closed","ping_status":"closed","template":"elementor_header_footer","meta":{"footnotes":""},"class_list":["post-10563","page","type-page","status-publish","hentry"],"acf":[],"yoast_head":"<!-- This site is optimized with the Yoast SEO plugin v24.6 - https:\/\/yoast.com\/wordpress\/plugins\/seo\/ -->\n<title>Habilidades | Future Career<\/title>\n<meta name=\"robots\" content=\"index, follow, max-snippet:-1, max-image-preview:large, max-video-preview:-1\" \/>\n<link rel=\"canonical\" href=\"https:\/\/future-career.eu\/pt-pt\/habilidades\/\" \/>\n<meta property=\"og:locale\" content=\"pt_PT\" \/>\n<meta property=\"og:type\" content=\"article\" \/>\n<meta property=\"og:title\" content=\"Habilidades | Future Career\" \/>\n<meta property=\"og:description\" content=\"Quais habilidades eu preciso? No vasto cen\u00e1rio de profiss\u00f5es, cada uma exige seu pr\u00f3prio conjunto de habilidades. Pense em criatividade, solu\u00e7\u00e3o de problemas, trabalho em equipe, comunica\u00e7\u00e3o, adaptabilidade e conhecimento digital. Essas habilidades liberam seu potencial, ajudando voc\u00ea a vencer desafios e aproveitar oportunidades.\" \/>\n<meta property=\"og:url\" content=\"https:\/\/future-career.eu\/pt-pt\/habilidades\/\" \/>\n<meta property=\"og:site_name\" content=\"Future Career\" \/>\n<meta property=\"article:modified_time\" content=\"2023-05-18T12:22:29+00:00\" \/>\n<meta property=\"og:image\" content=\"https:\/\/future-career.eu\/wp-content\/uploads\/2023\/02\/Edu.Guidance-logo.png\" \/>\n\t<meta property=\"og:image:width\" content=\"754\" \/>\n\t<meta property=\"og:image:height\" content=\"778\" \/>\n\t<meta property=\"og:image:type\" content=\"image\/png\" \/>\n<meta name=\"twitter:card\" content=\"summary_large_image\" \/>\n<script type=\"application\/ld+json\" class=\"yoast-schema-graph\">{\"@context\":\"https:\/\/schema.org\",\"@graph\":[{\"@type\":\"WebPage\",\"@id\":\"https:\/\/future-career.eu\/pt-pt\/habilidades\/\",\"url\":\"https:\/\/future-career.eu\/pt-pt\/habilidades\/\",\"name\":\"Habilidades | Future Career\",\"isPartOf\":{\"@id\":\"https:\/\/future-career.eu\/pt-pt\/#website\"},\"datePublished\":\"2023-02-06T09:51:10+00:00\",\"dateModified\":\"2023-05-18T12:22:29+00:00\",\"breadcrumb\":{\"@id\":\"https:\/\/future-career.eu\/pt-pt\/habilidades\/#breadcrumb\"},\"inLanguage\":\"pt-PT\",\"potentialAction\":[{\"@type\":\"ReadAction\",\"target\":[\"https:\/\/future-career.eu\/pt-pt\/habilidades\/\"]}]},{\"@type\":\"BreadcrumbList\",\"@id\":\"https:\/\/future-career.eu\/pt-pt\/habilidades\/#breadcrumb\",\"itemListElement\":[{\"@type\":\"ListItem\",\"position\":1,\"name\":\"Home\",\"item\":\"https:\/\/future-career.eu\/pt-pt\/\"},{\"@type\":\"ListItem\",\"position\":2,\"name\":\"Habilidades\"}]},{\"@type\":\"WebSite\",\"@id\":\"https:\/\/future-career.eu\/pt-pt\/#website\",\"url\":\"https:\/\/future-career.eu\/pt-pt\/\",\"name\":\"Future Career\",\"description\":\"Discover your professional path\",\"publisher\":{\"@id\":\"https:\/\/future-career.eu\/pt-pt\/#organization\"},\"potentialAction\":[{\"@type\":\"SearchAction\",\"target\":{\"@type\":\"EntryPoint\",\"urlTemplate\":\"https:\/\/future-career.eu\/pt-pt\/?s={search_term_string}\"},\"query-input\":{\"@type\":\"PropertyValueSpecification\",\"valueRequired\":true,\"valueName\":\"search_term_string\"}}],\"inLanguage\":\"pt-PT\"},{\"@type\":\"Organization\",\"@id\":\"https:\/\/future-career.eu\/pt-pt\/#organization\",\"name\":\"Edu Guidance\",\"url\":\"https:\/\/future-career.eu\/pt-pt\/\",\"logo\":{\"@type\":\"ImageObject\",\"inLanguage\":\"pt-PT\",\"@id\":\"https:\/\/future-career.eu\/pt-pt\/#\/schema\/logo\/image\/\",\"url\":\"https:\/\/future-career.eu\/wp-content\/uploads\/2023\/02\/Edu.Guidance-logo.png\",\"contentUrl\":\"https:\/\/future-career.eu\/wp-content\/uploads\/2023\/02\/Edu.Guidance-logo.png\",\"width\":754,\"height\":778,\"caption\":\"Edu Guidance\"},\"image\":{\"@id\":\"https:\/\/future-career.eu\/pt-pt\/#\/schema\/logo\/image\/\"}}]}<\/script>\n<!-- \/ Yoast SEO plugin. -->","yoast_head_json":{"title":"Habilidades | Future Career","robots":{"index":"index","follow":"follow","max-snippet":"max-snippet:-1","max-image-preview":"max-image-preview:large","max-video-preview":"max-video-preview:-1"},"canonical":"https:\/\/future-career.eu\/pt-pt\/habilidades\/","og_locale":"pt_PT","og_type":"article","og_title":"Habilidades | Future Career","og_description":"Quais habilidades eu preciso? No vasto cen\u00e1rio de profiss\u00f5es, cada uma exige seu pr\u00f3prio conjunto de habilidades. Pense em criatividade, solu\u00e7\u00e3o de problemas, trabalho em equipe, comunica\u00e7\u00e3o, adaptabilidade e conhecimento digital. Essas habilidades liberam seu potencial, ajudando voc\u00ea a vencer desafios e aproveitar oportunidades.","og_url":"https:\/\/future-career.eu\/pt-pt\/habilidades\/","og_site_name":"Future Career","article_modified_time":"2023-05-18T12:22:29+00:00","og_image":[{"width":754,"height":778,"url":"https:\/\/future-career.eu\/wp-content\/uploads\/2023\/02\/Edu.Guidance-logo.png","type":"image\/png"}],"twitter_card":"summary_large_image","schema":{"@context":"https:\/\/schema.org","@graph":[{"@type":"WebPage","@id":"https:\/\/future-career.eu\/pt-pt\/habilidades\/","url":"https:\/\/future-career.eu\/pt-pt\/habilidades\/","name":"Habilidades | Future Career","isPartOf":{"@id":"https:\/\/future-career.eu\/pt-pt\/#website"},"datePublished":"2023-02-06T09:51:10+00:00","dateModified":"2023-05-18T12:22:29+00:00","breadcrumb":{"@id":"https:\/\/future-career.eu\/pt-pt\/habilidades\/#breadcrumb"},"inLanguage":"pt-PT","potentialAction":[{"@type":"ReadAction","target":["https:\/\/future-career.eu\/pt-pt\/habilidades\/"]}]},{"@type":"BreadcrumbList","@id":"https:\/\/future-career.eu\/pt-pt\/habilidades\/#breadcrumb","itemListElement":[{"@type":"ListItem","position":1,"name":"Home","item":"https:\/\/future-career.eu\/pt-pt\/"},{"@type":"ListItem","position":2,"name":"Habilidades"}]},{"@type":"WebSite","@id":"https:\/\/future-career.eu\/pt-pt\/#website","url":"https:\/\/future-career.eu\/pt-pt\/","name":"Future Career","description":"Discover your professional path","publisher":{"@id":"https:\/\/future-career.eu\/pt-pt\/#organization"},"potentialAction":[{"@type":"SearchAction","target":{"@type":"EntryPoint","urlTemplate":"https:\/\/future-career.eu\/pt-pt\/?s={search_term_string}"},"query-input":{"@type":"PropertyValueSpecification","valueRequired":true,"valueName":"search_term_string"}}],"inLanguage":"pt-PT"},{"@type":"Organization","@id":"https:\/\/future-career.eu\/pt-pt\/#organization","name":"Edu Guidance","url":"https:\/\/future-career.eu\/pt-pt\/","logo":{"@type":"ImageObject","inLanguage":"pt-PT","@id":"https:\/\/future-career.eu\/pt-pt\/#\/schema\/logo\/image\/","url":"https:\/\/future-career.eu\/wp-content\/uploads\/2023\/02\/Edu.Guidance-logo.png","contentUrl":"https:\/\/future-career.eu\/wp-content\/uploads\/2023\/02\/Edu.Guidance-logo.png","width":754,"height":778,"caption":"Edu Guidance"},"image":{"@id":"https:\/\/future-career.eu\/pt-pt\/#\/schema\/logo\/image\/"}}]}},"_links":{"self":[{"href":"https:\/\/future-career.eu\/pt-pt\/wp-json\/wp\/v2\/pages\/10563","targetHints":{"allow":["GET"]}}],"collection":[{"href":"https:\/\/future-career.eu\/pt-pt\/wp-json\/wp\/v2\/pages"}],"about":[{"href":"https:\/\/future-career.eu\/pt-pt\/wp-json\/wp\/v2\/types\/page"}],"author":[{"embeddable":true,"href":"https:\/\/future-career.eu\/pt-pt\/wp-json\/wp\/v2\/users\/1"}],"replies":[{"embeddable":true,"href":"https:\/\/future-career.eu\/pt-pt\/wp-json\/wp\/v2\/comments?post=10563"}],"version-history":[{"count":4,"href":"https:\/\/future-career.eu\/pt-pt\/wp-json\/wp\/v2\/pages\/10563\/revisions"}],"predecessor-version":[{"id":10567,"href":"https:\/\/future-career.eu\/pt-pt\/wp-json\/wp\/v2\/pages\/10563\/revisions\/10567"}],"wp:attachment":[{"href":"https:\/\/future-career.eu\/pt-pt\/wp-json\/wp\/v2\/media?parent=10563"}],"curies":[{"name":"wp","href":"https:\/\/api.w.org\/{rel}","templated":true}]}}