{"id":10358,"date":"2023-02-06T11:35:57","date_gmt":"2023-02-06T10:35:57","guid":{"rendered":"https:\/\/future-career.eu\/?page_id=10358"},"modified":"2023-05-18T11:31:16","modified_gmt":"2023-05-18T09:31:16","slug":"raziscite-kraje","status":"publish","type":"page","link":"https:\/\/future-career.eu\/sl\/raziscite-kraje\/","title":{"rendered":"Razi\u0161\u010dite kraje"},"content":{"rendered":"\t\t<div data-elementor-type=\"wp-page\" data-elementor-id=\"10358\" class=\"elementor elementor-10358 elementor-5479\">\n\t\t\t\t\t\t<section class=\"elementor-section elementor-top-section elementor-element elementor-element-5b772a3 elementor-section-boxed elementor-section-height-default elementor-section-height-default\" data-id=\"5b772a3\" data-element_type=\"section\">\n\t\t\t\t\t\t<div class=\"elementor-container elementor-column-gap-default\">\n\t\t\t\t\t<div class=\"elementor-column elementor-col-100 elementor-top-column elementor-element elementor-element-ffe122f\" data-id=\"ffe122f\" data-element_type=\"column\">\n\t\t\t<div class=\"elementor-widget-wrap elementor-element-populated\">\n\t\t\t\t\t\t<div class=\"elementor-element elementor-element-b5bc508 elementor-widget__width-initial elementor-invisible elementor-widget elementor-widget-heading\" data-id=\"b5bc508\" data-element_type=\"widget\" data-settings=\"{&quot;_animation&quot;:&quot;fadeInDown&quot;}\" data-widget_type=\"heading.default\">\n\t\t\t\t<div class=\"elementor-widget-container\">\n\t\t\t\t\t<h2 class=\"elementor-heading-title elementor-size-default\">Ali se iskani poklici med dr\u017eavami razlikujejo?<\/h2>\t\t\t\t<\/div>\n\t\t\t\t<\/div>\n\t\t\t\t<div class=\"elementor-element elementor-element-60108b1 elementor-widget__width-initial elementor-widget elementor-widget-text-editor\" data-id=\"60108b1\" data-element_type=\"widget\" data-widget_type=\"text-editor.default\">\n\t\t\t\t<div class=\"elementor-widget-container\">\n\t\t\t\t\t\t\t\t\t<p style=\"text-align: center;\">Zahtevani poklici se lahko med dr\u017eavami razlikujejo zaradi dejavnikov, kot so gospodarske razmere, kulturne preference in tehnolo\u0161ki napredek. Bistveno je razumeti lokalne trge dela in se prilagoditi posebnim zahtevam industrije, ko raziskujete karierne prilo\u017enosti na svetovni ravni.<\/p><p style=\"text-align: center;\">\u010ce \u017eelite izvedeti ve\u010d, spodaj kliknite dr\u017eavo.<\/p>\t\t\t\t\t\t\t\t<\/div>\n\t\t\t\t<\/div>\n\t\t\t\t\t<\/div>\n\t\t<\/div>\n\t\t\t\t\t<\/div>\n\t\t<\/section>\n\t\t\t\t<section class=\"elementor-section elementor-top-section elementor-element elementor-element-5bec88b elementor-section-boxed elementor-section-height-default elementor-section-height-default\" data-id=\"5bec88b\" data-element_type=\"section\">\n\t\t\t\t\t\t<div class=\"elementor-container elementor-column-gap-default\">\n\t\t\t\t\t<div class=\"elementor-column elementor-col-100 elementor-top-column elementor-element elementor-element-cc9ba67\" data-id=\"cc9ba67\" data-element_type=\"column\">\n\t\t\t<div class=\"elementor-widget-wrap elementor-element-populated\">\n\t\t\t\t\t\t<div class=\"elementor-element elementor-element-dae01bf elementor-widget elementor-widget-shortcode\" data-id=\"dae01bf\" data-element_type=\"widget\" data-widget_type=\"shortcode.default\">\n\t\t\t\t<div class=\"elementor-widget-container\">\n\t\t\t\t\t\t\t<div class=\"elementor-shortcode\"><div class=\"map_wrapper\" id=\"map_wrapper_10404\">\n<div class=\"map_box\" style=\"max-width:2000px\">\n<div class=\"map_aspect_ratio\" style=\"padding-top:60%\" data-padding-top=\"60%\" data-padding-top-mobile=\"0%\">\n<div class=\"map_container\">\n<div class=\"map_render map_loading\" id=\"map_10404\"><\/div>\n<\/div>\n<\/div>\n<\/div>\n<\/div><\/div>\n\t\t\t\t\t\t<\/div>\n\t\t\t\t<\/div>\n\t\t\t\t\t<\/div>\n\t\t<\/div>\n\t\t\t\t\t<\/div>\n\t\t<\/section>\n\t\t\t\t<\/div>\n\t\t","protected":false},"excerpt":{"rendered":"<p>Ali se iskani poklici med dr\u017eavami razlikujejo? Zahtevani poklici se lahko med dr\u017eavami razlikujejo zaradi dejavnikov, kot so gospodarske razmere, kulturne preference in tehnolo\u0161ki napredek. Bistveno je razumeti lokalne trge dela in se prilagoditi posebnim zahtevam industrije, ko raziskujete karierne prilo\u017enosti na svetovni ravni. \u010ce \u017eelite izvedeti ve\u010d, spodaj kliknite dr\u017eavo.<\/p>\n","protected":false},"author":1,"featured_media":0,"parent":0,"menu_order":0,"comment_status":"closed","ping_status":"closed","template":"elementor_header_footer","meta":{"footnotes":""},"class_list":["post-10358","page","type-page","status-publish","hentry"],"acf":[],"yoast_head":"<!-- This site is optimized with the Yoast SEO plugin v24.6 - https:\/\/yoast.com\/wordpress\/plugins\/seo\/ -->\n<title>Razi\u0161\u010dite kraje | Future Career<\/title>\n<meta name=\"robots\" content=\"index, follow, max-snippet:-1, max-image-preview:large, max-video-preview:-1\" \/>\n<link rel=\"canonical\" href=\"https:\/\/future-career.eu\/sl\/raziscite-kraje\/\" \/>\n<meta property=\"og:locale\" content=\"sl_SI\" \/>\n<meta property=\"og:type\" content=\"article\" \/>\n<meta property=\"og:title\" content=\"Razi\u0161\u010dite kraje | Future Career\" \/>\n<meta property=\"og:description\" content=\"Ali se iskani poklici med dr\u017eavami razlikujejo? Zahtevani poklici se lahko med dr\u017eavami razlikujejo zaradi dejavnikov, kot so gospodarske razmere, kulturne preference in tehnolo\u0161ki napredek. Bistveno je razumeti lokalne trge dela in se prilagoditi posebnim zahtevam industrije, ko raziskujete karierne prilo\u017enosti na svetovni ravni. \u010ce \u017eelite izvedeti ve\u010d, spodaj kliknite dr\u017eavo.\" \/>\n<meta property=\"og:url\" content=\"https:\/\/future-career.eu\/sl\/raziscite-kraje\/\" \/>\n<meta property=\"og:site_name\" content=\"Future Career\" \/>\n<meta property=\"article:modified_time\" content=\"2023-05-18T09:31:16+00:00\" \/>\n<meta property=\"og:image\" content=\"https:\/\/future-career.eu\/wp-content\/uploads\/2023\/02\/Edu.Guidance-logo.png\" \/>\n\t<meta property=\"og:image:width\" content=\"754\" \/>\n\t<meta property=\"og:image:height\" content=\"778\" \/>\n\t<meta property=\"og:image:type\" content=\"image\/png\" \/>\n<meta name=\"twitter:card\" content=\"summary_large_image\" \/>\n<script type=\"application\/ld+json\" class=\"yoast-schema-graph\">{\"@context\":\"https:\/\/schema.org\",\"@graph\":[{\"@type\":\"WebPage\",\"@id\":\"https:\/\/future-career.eu\/sl\/raziscite-kraje\/\",\"url\":\"https:\/\/future-career.eu\/sl\/raziscite-kraje\/\",\"name\":\"Razi\u0161\u010dite kraje | Future Career\",\"isPartOf\":{\"@id\":\"https:\/\/future-career.eu\/sl\/#website\"},\"datePublished\":\"2023-02-06T10:35:57+00:00\",\"dateModified\":\"2023-05-18T09:31:16+00:00\",\"breadcrumb\":{\"@id\":\"https:\/\/future-career.eu\/sl\/raziscite-kraje\/#breadcrumb\"},\"inLanguage\":\"sl-SI\",\"potentialAction\":[{\"@type\":\"ReadAction\",\"target\":[\"https:\/\/future-career.eu\/sl\/raziscite-kraje\/\"]}]},{\"@type\":\"BreadcrumbList\",\"@id\":\"https:\/\/future-career.eu\/sl\/raziscite-kraje\/#breadcrumb\",\"itemListElement\":[{\"@type\":\"ListItem\",\"position\":1,\"name\":\"Home\",\"item\":\"https:\/\/future-career.eu\/sl\/\"},{\"@type\":\"ListItem\",\"position\":2,\"name\":\"Razi\u0161\u010dite kraje\"}]},{\"@type\":\"WebSite\",\"@id\":\"https:\/\/future-career.eu\/sl\/#website\",\"url\":\"https:\/\/future-career.eu\/sl\/\",\"name\":\"Future Career\",\"description\":\"Discover your professional path\",\"publisher\":{\"@id\":\"https:\/\/future-career.eu\/sl\/#organization\"},\"potentialAction\":[{\"@type\":\"SearchAction\",\"target\":{\"@type\":\"EntryPoint\",\"urlTemplate\":\"https:\/\/future-career.eu\/sl\/?s={search_term_string}\"},\"query-input\":{\"@type\":\"PropertyValueSpecification\",\"valueRequired\":true,\"valueName\":\"search_term_string\"}}],\"inLanguage\":\"sl-SI\"},{\"@type\":\"Organization\",\"@id\":\"https:\/\/future-career.eu\/sl\/#organization\",\"name\":\"Edu Guidance\",\"url\":\"https:\/\/future-career.eu\/sl\/\",\"logo\":{\"@type\":\"ImageObject\",\"inLanguage\":\"sl-SI\",\"@id\":\"https:\/\/future-career.eu\/sl\/#\/schema\/logo\/image\/\",\"url\":\"https:\/\/future-career.eu\/wp-content\/uploads\/2023\/02\/Edu.Guidance-logo.png\",\"contentUrl\":\"https:\/\/future-career.eu\/wp-content\/uploads\/2023\/02\/Edu.Guidance-logo.png\",\"width\":754,\"height\":778,\"caption\":\"Edu Guidance\"},\"image\":{\"@id\":\"https:\/\/future-career.eu\/sl\/#\/schema\/logo\/image\/\"}}]}<\/script>\n<!-- \/ Yoast SEO plugin. -->","yoast_head_json":{"title":"Razi\u0161\u010dite kraje | Future Career","robots":{"index":"index","follow":"follow","max-snippet":"max-snippet:-1","max-image-preview":"max-image-preview:large","max-video-preview":"max-video-preview:-1"},"canonical":"https:\/\/future-career.eu\/sl\/raziscite-kraje\/","og_locale":"sl_SI","og_type":"article","og_title":"Razi\u0161\u010dite kraje | Future Career","og_description":"Ali se iskani poklici med dr\u017eavami razlikujejo? Zahtevani poklici se lahko med dr\u017eavami razlikujejo zaradi dejavnikov, kot so gospodarske razmere, kulturne preference in tehnolo\u0161ki napredek. Bistveno je razumeti lokalne trge dela in se prilagoditi posebnim zahtevam industrije, ko raziskujete karierne prilo\u017enosti na svetovni ravni. \u010ce \u017eelite izvedeti ve\u010d, spodaj kliknite dr\u017eavo.","og_url":"https:\/\/future-career.eu\/sl\/raziscite-kraje\/","og_site_name":"Future Career","article_modified_time":"2023-05-18T09:31:16+00:00","og_image":[{"width":754,"height":778,"url":"https:\/\/future-career.eu\/wp-content\/uploads\/2023\/02\/Edu.Guidance-logo.png","type":"image\/png"}],"twitter_card":"summary_large_image","schema":{"@context":"https:\/\/schema.org","@graph":[{"@type":"WebPage","@id":"https:\/\/future-career.eu\/sl\/raziscite-kraje\/","url":"https:\/\/future-career.eu\/sl\/raziscite-kraje\/","name":"Razi\u0161\u010dite kraje | Future Career","isPartOf":{"@id":"https:\/\/future-career.eu\/sl\/#website"},"datePublished":"2023-02-06T10:35:57+00:00","dateModified":"2023-05-18T09:31:16+00:00","breadcrumb":{"@id":"https:\/\/future-career.eu\/sl\/raziscite-kraje\/#breadcrumb"},"inLanguage":"sl-SI","potentialAction":[{"@type":"ReadAction","target":["https:\/\/future-career.eu\/sl\/raziscite-kraje\/"]}]},{"@type":"BreadcrumbList","@id":"https:\/\/future-career.eu\/sl\/raziscite-kraje\/#breadcrumb","itemListElement":[{"@type":"ListItem","position":1,"name":"Home","item":"https:\/\/future-career.eu\/sl\/"},{"@type":"ListItem","position":2,"name":"Razi\u0161\u010dite kraje"}]},{"@type":"WebSite","@id":"https:\/\/future-career.eu\/sl\/#website","url":"https:\/\/future-career.eu\/sl\/","name":"Future Career","description":"Discover your professional path","publisher":{"@id":"https:\/\/future-career.eu\/sl\/#organization"},"potentialAction":[{"@type":"SearchAction","target":{"@type":"EntryPoint","urlTemplate":"https:\/\/future-career.eu\/sl\/?s={search_term_string}"},"query-input":{"@type":"PropertyValueSpecification","valueRequired":true,"valueName":"search_term_string"}}],"inLanguage":"sl-SI"},{"@type":"Organization","@id":"https:\/\/future-career.eu\/sl\/#organization","name":"Edu Guidance","url":"https:\/\/future-career.eu\/sl\/","logo":{"@type":"ImageObject","inLanguage":"sl-SI","@id":"https:\/\/future-career.eu\/sl\/#\/schema\/logo\/image\/","url":"https:\/\/future-career.eu\/wp-content\/uploads\/2023\/02\/Edu.Guidance-logo.png","contentUrl":"https:\/\/future-career.eu\/wp-content\/uploads\/2023\/02\/Edu.Guidance-logo.png","width":754,"height":778,"caption":"Edu Guidance"},"image":{"@id":"https:\/\/future-career.eu\/sl\/#\/schema\/logo\/image\/"}}]}},"_links":{"self":[{"href":"https:\/\/future-career.eu\/sl\/wp-json\/wp\/v2\/pages\/10358","targetHints":{"allow":["GET"]}}],"collection":[{"href":"https:\/\/future-career.eu\/sl\/wp-json\/wp\/v2\/pages"}],"about":[{"href":"https:\/\/future-career.eu\/sl\/wp-json\/wp\/v2\/types\/page"}],"author":[{"embeddable":true,"href":"https:\/\/future-career.eu\/sl\/wp-json\/wp\/v2\/users\/1"}],"replies":[{"embeddable":true,"href":"https:\/\/future-career.eu\/sl\/wp-json\/wp\/v2\/comments?post=10358"}],"version-history":[{"count":7,"href":"https:\/\/future-career.eu\/sl\/wp-json\/wp\/v2\/pages\/10358\/revisions"}],"predecessor-version":[{"id":10407,"href":"https:\/\/future-career.eu\/sl\/wp-json\/wp\/v2\/pages\/10358\/revisions\/10407"}],"wp:attachment":[{"href":"https:\/\/future-career.eu\/sl\/wp-json\/wp\/v2\/media?parent=10358"}],"curies":[{"name":"wp","href":"https:\/\/api.w.org\/{rel}","templated":true}]}}