{"id":10382,"date":"2023-02-06T10:51:10","date_gmt":"2023-02-06T09:51:10","guid":{"rendered":"https:\/\/future-career.eu\/?page_id=10382"},"modified":"2023-05-18T11:24:13","modified_gmt":"2023-05-18T09:24:13","slug":"spretnosti","status":"publish","type":"page","link":"https:\/\/future-career.eu\/sl\/spretnosti\/","title":{"rendered":"Spretnosti"},"content":{"rendered":"\t\t<div data-elementor-type=\"wp-page\" data-elementor-id=\"10382\" class=\"elementor elementor-10382 elementor-5456\">\n\t\t\t\t\t\t<section class=\"elementor-section elementor-top-section elementor-element elementor-element-ca75abc elementor-section-boxed elementor-section-height-default elementor-section-height-default\" data-id=\"ca75abc\" data-element_type=\"section\">\n\t\t\t\t\t\t<div class=\"elementor-container elementor-column-gap-default\">\n\t\t\t\t\t<div class=\"elementor-column elementor-col-100 elementor-top-column elementor-element elementor-element-492e310\" data-id=\"492e310\" data-element_type=\"column\">\n\t\t\t<div class=\"elementor-widget-wrap elementor-element-populated\">\n\t\t\t\t\t\t<div class=\"elementor-element elementor-element-e337e01 elementor-widget elementor-widget-kidzo_portfolio\" data-id=\"e337e01\" data-element_type=\"widget\" data-widget_type=\"kidzo_portfolio.default\">\n\t\t\t\t<div class=\"elementor-widget-container\">\n\t\t\t\t\t        <!-- team part here -->\r\n    <section class=\"team_section section_padding\">\r\n        <div class=\"container custom_container\">\r\n            <div class=\"row justify-content-center\">\r\n                <div class=\"col-lg-7\">\r\n                    <div class=\"section_tittle_style_02\">\r\n                                                    <h2 class=\"title wow fadeInDown\" data-wow-delay=\".5s\">Katere spretnosti potrebujem?<\/h2>\r\n                                                                        <p class=\"description wow fadeInDown\" data-wow-delay=\".3s\"><p>V \u0161iroki pokrajini poklicev vsak zahteva svoj edinstven nabor spretnosti. Pomislite na ustvarjalnost, re\u0161evanje problemov, timsko delo, komunikacijo, prilagodljivost in digitalno podkovanost. Te ve\u0161\u010dine sprostijo va\u0161 potencial, vam pomagajo premagati izzive in izkoristiti prilo\u017enosti.<\/p><\/p>\r\n                                            <\/div>\r\n                <\/div>\r\n            <\/div>\r\n            <div class=\"row\">\r\n                                                <div class=\"col-lg-4 col-sm-6 wow fadeInUp\" data-wow-delay=\".3s\">\r\n                                    <div class=\"single_team_section\">\r\n                                        <a href=\"https:\/\/future-career.eu\/sl\/skills\/kreativnost\/\">\r\n                                            <img fetchpriority=\"high\" decoding=\"async\" width=\"350\" height=\"250\" src=\"https:\/\/future-career.eu\/wp-content\/uploads\/2023\/02\/creativity-1-350x250.jpg\" class=\"img-fluid wp-post-image\" alt=\"\" \/>                                        <\/a>\r\n                                        <span>Socialni mediji <\/span>\r\n                                        <h4> <a href=\"https:\/\/future-career.eu\/sl\/skills\/kreativnost\/\">Kreativnost<\/a><\/h4>\r\n                                        <p><\/p>\r\n                                    <\/div>\r\n                                <\/div>\r\n                                                                <div class=\"col-lg-4 col-sm-6 wow fadeInUp\" data-wow-delay=\".3s\">\r\n                                    <div class=\"single_team_section\">\r\n                                        <a href=\"https:\/\/future-career.eu\/sl\/skills\/upravljanje-casa\/\">\r\n                                            <img decoding=\"async\" width=\"350\" height=\"250\" src=\"https:\/\/future-career.eu\/wp-content\/uploads\/2023\/04\/time-management2-350x250.jpg\" class=\"img-fluid wp-post-image\" alt=\"\" \/>                                        <\/a>\r\n                                        <span>Socialni mediji <\/span>\r\n                                        <h4> <a href=\"https:\/\/future-career.eu\/sl\/skills\/upravljanje-casa\/\">Upravljanje \u010dasa<\/a><\/h4>\r\n                                        <p><\/p>\r\n                                    <\/div>\r\n                                <\/div>\r\n                                                                <div class=\"col-lg-4 col-sm-6 wow fadeInUp\" data-wow-delay=\".3s\">\r\n                                    <div class=\"single_team_section\">\r\n                                        <a href=\"https:\/\/future-career.eu\/sl\/skills\/kriticno-razmisljanje\/\">\r\n                                            <img decoding=\"async\" width=\"350\" height=\"250\" src=\"https:\/\/future-career.eu\/wp-content\/uploads\/2023\/05\/critical-thinking-350x250.jpg\" class=\"img-fluid wp-post-image\" alt=\"\" \/>                                        <\/a>\r\n                                        <span>Socialni mediji <\/span>\r\n                                        <h4> <a href=\"https:\/\/future-career.eu\/sl\/skills\/kriticno-razmisljanje\/\">Kriti\u010dno razmi\u0161ljanje<\/a><\/h4>\r\n                                        <p><\/p>\r\n                                    <\/div>\r\n                                <\/div>\r\n                                                                <div class=\"col-lg-4 col-sm-6 wow fadeInUp\" data-wow-delay=\".3s\">\r\n                                    <div class=\"single_team_section\">\r\n                                        <a href=\"https:\/\/future-career.eu\/sl\/skills\/resevanje-problema\/\">\r\n                                            <img loading=\"lazy\" decoding=\"async\" width=\"350\" height=\"250\" src=\"https:\/\/future-career.eu\/wp-content\/uploads\/2023\/05\/problem-solving-350x250.jpg\" class=\"img-fluid wp-post-image\" alt=\"\" \/>                                        <\/a>\r\n                                        <span>Socialni mediji <\/span>\r\n                                        <h4> <a href=\"https:\/\/future-career.eu\/sl\/skills\/resevanje-problema\/\">Re\u0161evanje problema<\/a><\/h4>\r\n                                        <p><\/p>\r\n                                    <\/div>\r\n                                <\/div>\r\n                                                                <div class=\"col-lg-4 col-sm-6 wow fadeInUp\" data-wow-delay=\".3s\">\r\n                                    <div class=\"single_team_section\">\r\n                                        <a href=\"https:\/\/future-career.eu\/sl\/skills\/vodenje\/\">\r\n                                            <img loading=\"lazy\" decoding=\"async\" width=\"350\" height=\"250\" src=\"https:\/\/future-career.eu\/wp-content\/uploads\/2023\/05\/leadership-350x250.jpg\" class=\"img-fluid wp-post-image\" alt=\"\" \/>                                        <\/a>\r\n                                        <span>Socialni mediji <\/span>\r\n                                        <h4> <a href=\"https:\/\/future-career.eu\/sl\/skills\/vodenje\/\">Vodenje<\/a><\/h4>\r\n                                        <p><\/p>\r\n                                    <\/div>\r\n                                <\/div>\r\n                                                                <div class=\"col-lg-4 col-sm-6 wow fadeInUp\" data-wow-delay=\".3s\">\r\n                                    <div class=\"single_team_section\">\r\n                                        <a href=\"https:\/\/future-career.eu\/sl\/skills\/fleksibilnost\/\">\r\n                                            <img loading=\"lazy\" decoding=\"async\" width=\"350\" height=\"250\" src=\"https:\/\/future-career.eu\/wp-content\/uploads\/2023\/05\/flexibility-350x250.jpg\" class=\"img-fluid wp-post-image\" alt=\"\" \/>                                        <\/a>\r\n                                        <span>Socialni mediji <\/span>\r\n                                        <h4> <a href=\"https:\/\/future-career.eu\/sl\/skills\/fleksibilnost\/\">Fleksibilnost<\/a><\/h4>\r\n                                        <p><\/p>\r\n                                    <\/div>\r\n                                <\/div>\r\n                                                                <div class=\"col-lg-4 col-sm-6 wow fadeInUp\" data-wow-delay=\".3s\">\r\n                                    <div class=\"single_team_section\">\r\n                                        <a href=\"https:\/\/future-career.eu\/sl\/skills\/odpornost\/\">\r\n                                            <img loading=\"lazy\" decoding=\"async\" width=\"350\" height=\"250\" src=\"https:\/\/future-career.eu\/wp-content\/uploads\/2023\/05\/resilience-350x250.jpg\" class=\"img-fluid wp-post-image\" alt=\"\" \/>                                        <\/a>\r\n                                        <span>Socialni mediji <\/span>\r\n                                        <h4> <a href=\"https:\/\/future-career.eu\/sl\/skills\/odpornost\/\">Odpornost<\/a><\/h4>\r\n                                        <p><\/p>\r\n                                    <\/div>\r\n                                <\/div>\r\n                                                                <div class=\"col-lg-4 col-sm-6 wow fadeInUp\" data-wow-delay=\".3s\">\r\n                                    <div class=\"single_team_section\">\r\n                                        <a href=\"https:\/\/future-career.eu\/sl\/skills\/team-building\/\">\r\n                                            <img loading=\"lazy\" decoding=\"async\" width=\"350\" height=\"250\" src=\"https:\/\/future-career.eu\/wp-content\/uploads\/2023\/05\/team-building-350x250.jpg\" class=\"img-fluid wp-post-image\" alt=\"\" \/>                                        <\/a>\r\n                                        <span>Socialni mediji <\/span>\r\n                                        <h4> <a href=\"https:\/\/future-career.eu\/sl\/skills\/team-building\/\">Team building<\/a><\/h4>\r\n                                        <p><\/p>\r\n                                    <\/div>\r\n                                <\/div>\r\n                                            <\/div>\r\n        <\/div>\r\n            <\/section>\r\n\t\t\t\t<\/div>\n\t\t\t\t<\/div>\n\t\t\t\t\t<\/div>\n\t\t<\/div>\n\t\t\t\t\t<\/div>\n\t\t<\/section>\n\t\t\t\t<\/div>\n\t\t","protected":false},"excerpt":{"rendered":"<p>Katere spretnosti potrebujem? V \u0161iroki pokrajini poklicev vsak zahteva svoj edinstven nabor spretnosti. Pomislite na ustvarjalnost, re\u0161evanje problemov, timsko delo, komunikacijo, prilagodljivost in digitalno podkovanost. Te ve\u0161\u010dine sprostijo va\u0161 potencial, vam pomagajo premagati izzive in izkoristiti prilo\u017enosti. Socialni mediji Kreativnost Socialni mediji Upravljanje \u010dasa Socialni mediji Kriti\u010dno razmi\u0161ljanje Socialni mediji Re\u0161evanje problema Socialni mediji Vodenje<\/p>\n","protected":false},"author":1,"featured_media":0,"parent":0,"menu_order":0,"comment_status":"closed","ping_status":"closed","template":"elementor_header_footer","meta":{"footnotes":""},"class_list":["post-10382","page","type-page","status-publish","hentry"],"acf":[],"yoast_head":"<!-- This site is optimized with the Yoast SEO plugin v24.6 - https:\/\/yoast.com\/wordpress\/plugins\/seo\/ -->\n<title>Spretnosti | Future Career<\/title>\n<meta name=\"robots\" content=\"index, follow, max-snippet:-1, max-image-preview:large, max-video-preview:-1\" \/>\n<link rel=\"canonical\" href=\"https:\/\/future-career.eu\/sl\/spretnosti\/\" \/>\n<meta property=\"og:locale\" content=\"sl_SI\" \/>\n<meta property=\"og:type\" content=\"article\" \/>\n<meta property=\"og:title\" content=\"Spretnosti | Future Career\" \/>\n<meta property=\"og:description\" content=\"Katere spretnosti potrebujem? V \u0161iroki pokrajini poklicev vsak zahteva svoj edinstven nabor spretnosti. Pomislite na ustvarjalnost, re\u0161evanje problemov, timsko delo, komunikacijo, prilagodljivost in digitalno podkovanost. Te ve\u0161\u010dine sprostijo va\u0161 potencial, vam pomagajo premagati izzive in izkoristiti prilo\u017enosti. Socialni mediji Kreativnost Socialni mediji Upravljanje \u010dasa Socialni mediji Kriti\u010dno razmi\u0161ljanje Socialni mediji Re\u0161evanje problema Socialni mediji Vodenje\" \/>\n<meta property=\"og:url\" content=\"https:\/\/future-career.eu\/sl\/spretnosti\/\" \/>\n<meta property=\"og:site_name\" content=\"Future Career\" \/>\n<meta property=\"article:modified_time\" content=\"2023-05-18T09:24:13+00:00\" \/>\n<meta property=\"og:image\" content=\"https:\/\/future-career.eu\/wp-content\/uploads\/2023\/02\/creativity-1-350x250.jpg\" \/>\n<meta name=\"twitter:card\" content=\"summary_large_image\" \/>\n<script type=\"application\/ld+json\" class=\"yoast-schema-graph\">{\"@context\":\"https:\/\/schema.org\",\"@graph\":[{\"@type\":\"WebPage\",\"@id\":\"https:\/\/future-career.eu\/sl\/spretnosti\/\",\"url\":\"https:\/\/future-career.eu\/sl\/spretnosti\/\",\"name\":\"Spretnosti | Future Career\",\"isPartOf\":{\"@id\":\"https:\/\/future-career.eu\/sl\/#website\"},\"primaryImageOfPage\":{\"@id\":\"https:\/\/future-career.eu\/sl\/spretnosti\/#primaryimage\"},\"image\":{\"@id\":\"https:\/\/future-career.eu\/sl\/spretnosti\/#primaryimage\"},\"thumbnailUrl\":\"https:\/\/future-career.eu\/wp-content\/uploads\/2023\/02\/creativity-1-350x250.jpg\",\"datePublished\":\"2023-02-06T09:51:10+00:00\",\"dateModified\":\"2023-05-18T09:24:13+00:00\",\"breadcrumb\":{\"@id\":\"https:\/\/future-career.eu\/sl\/spretnosti\/#breadcrumb\"},\"inLanguage\":\"sl-SI\",\"potentialAction\":[{\"@type\":\"ReadAction\",\"target\":[\"https:\/\/future-career.eu\/sl\/spretnosti\/\"]}]},{\"@type\":\"ImageObject\",\"inLanguage\":\"sl-SI\",\"@id\":\"https:\/\/future-career.eu\/sl\/spretnosti\/#primaryimage\",\"url\":\"https:\/\/future-career.eu\/wp-content\/uploads\/2023\/02\/creativity-1-350x250.jpg\",\"contentUrl\":\"https:\/\/future-career.eu\/wp-content\/uploads\/2023\/02\/creativity-1-350x250.jpg\"},{\"@type\":\"BreadcrumbList\",\"@id\":\"https:\/\/future-career.eu\/sl\/spretnosti\/#breadcrumb\",\"itemListElement\":[{\"@type\":\"ListItem\",\"position\":1,\"name\":\"Home\",\"item\":\"https:\/\/future-career.eu\/sl\/\"},{\"@type\":\"ListItem\",\"position\":2,\"name\":\"Spretnosti\"}]},{\"@type\":\"WebSite\",\"@id\":\"https:\/\/future-career.eu\/sl\/#website\",\"url\":\"https:\/\/future-career.eu\/sl\/\",\"name\":\"Future Career\",\"description\":\"Discover your professional path\",\"publisher\":{\"@id\":\"https:\/\/future-career.eu\/sl\/#organization\"},\"potentialAction\":[{\"@type\":\"SearchAction\",\"target\":{\"@type\":\"EntryPoint\",\"urlTemplate\":\"https:\/\/future-career.eu\/sl\/?s={search_term_string}\"},\"query-input\":{\"@type\":\"PropertyValueSpecification\",\"valueRequired\":true,\"valueName\":\"search_term_string\"}}],\"inLanguage\":\"sl-SI\"},{\"@type\":\"Organization\",\"@id\":\"https:\/\/future-career.eu\/sl\/#organization\",\"name\":\"Edu Guidance\",\"url\":\"https:\/\/future-career.eu\/sl\/\",\"logo\":{\"@type\":\"ImageObject\",\"inLanguage\":\"sl-SI\",\"@id\":\"https:\/\/future-career.eu\/sl\/#\/schema\/logo\/image\/\",\"url\":\"https:\/\/future-career.eu\/wp-content\/uploads\/2023\/02\/Edu.Guidance-logo.png\",\"contentUrl\":\"https:\/\/future-career.eu\/wp-content\/uploads\/2023\/02\/Edu.Guidance-logo.png\",\"width\":754,\"height\":778,\"caption\":\"Edu Guidance\"},\"image\":{\"@id\":\"https:\/\/future-career.eu\/sl\/#\/schema\/logo\/image\/\"}}]}<\/script>\n<!-- \/ Yoast SEO plugin. -->","yoast_head_json":{"title":"Spretnosti | Future Career","robots":{"index":"index","follow":"follow","max-snippet":"max-snippet:-1","max-image-preview":"max-image-preview:large","max-video-preview":"max-video-preview:-1"},"canonical":"https:\/\/future-career.eu\/sl\/spretnosti\/","og_locale":"sl_SI","og_type":"article","og_title":"Spretnosti | Future Career","og_description":"Katere spretnosti potrebujem? V \u0161iroki pokrajini poklicev vsak zahteva svoj edinstven nabor spretnosti. Pomislite na ustvarjalnost, re\u0161evanje problemov, timsko delo, komunikacijo, prilagodljivost in digitalno podkovanost. Te ve\u0161\u010dine sprostijo va\u0161 potencial, vam pomagajo premagati izzive in izkoristiti prilo\u017enosti. Socialni mediji Kreativnost Socialni mediji Upravljanje \u010dasa Socialni mediji Kriti\u010dno razmi\u0161ljanje Socialni mediji Re\u0161evanje problema Socialni mediji Vodenje","og_url":"https:\/\/future-career.eu\/sl\/spretnosti\/","og_site_name":"Future Career","article_modified_time":"2023-05-18T09:24:13+00:00","og_image":[{"url":"https:\/\/future-career.eu\/wp-content\/uploads\/2023\/02\/creativity-1-350x250.jpg","type":"","width":"","height":""}],"twitter_card":"summary_large_image","schema":{"@context":"https:\/\/schema.org","@graph":[{"@type":"WebPage","@id":"https:\/\/future-career.eu\/sl\/spretnosti\/","url":"https:\/\/future-career.eu\/sl\/spretnosti\/","name":"Spretnosti | Future Career","isPartOf":{"@id":"https:\/\/future-career.eu\/sl\/#website"},"primaryImageOfPage":{"@id":"https:\/\/future-career.eu\/sl\/spretnosti\/#primaryimage"},"image":{"@id":"https:\/\/future-career.eu\/sl\/spretnosti\/#primaryimage"},"thumbnailUrl":"https:\/\/future-career.eu\/wp-content\/uploads\/2023\/02\/creativity-1-350x250.jpg","datePublished":"2023-02-06T09:51:10+00:00","dateModified":"2023-05-18T09:24:13+00:00","breadcrumb":{"@id":"https:\/\/future-career.eu\/sl\/spretnosti\/#breadcrumb"},"inLanguage":"sl-SI","potentialAction":[{"@type":"ReadAction","target":["https:\/\/future-career.eu\/sl\/spretnosti\/"]}]},{"@type":"ImageObject","inLanguage":"sl-SI","@id":"https:\/\/future-career.eu\/sl\/spretnosti\/#primaryimage","url":"https:\/\/future-career.eu\/wp-content\/uploads\/2023\/02\/creativity-1-350x250.jpg","contentUrl":"https:\/\/future-career.eu\/wp-content\/uploads\/2023\/02\/creativity-1-350x250.jpg"},{"@type":"BreadcrumbList","@id":"https:\/\/future-career.eu\/sl\/spretnosti\/#breadcrumb","itemListElement":[{"@type":"ListItem","position":1,"name":"Home","item":"https:\/\/future-career.eu\/sl\/"},{"@type":"ListItem","position":2,"name":"Spretnosti"}]},{"@type":"WebSite","@id":"https:\/\/future-career.eu\/sl\/#website","url":"https:\/\/future-career.eu\/sl\/","name":"Future Career","description":"Discover your professional path","publisher":{"@id":"https:\/\/future-career.eu\/sl\/#organization"},"potentialAction":[{"@type":"SearchAction","target":{"@type":"EntryPoint","urlTemplate":"https:\/\/future-career.eu\/sl\/?s={search_term_string}"},"query-input":{"@type":"PropertyValueSpecification","valueRequired":true,"valueName":"search_term_string"}}],"inLanguage":"sl-SI"},{"@type":"Organization","@id":"https:\/\/future-career.eu\/sl\/#organization","name":"Edu Guidance","url":"https:\/\/future-career.eu\/sl\/","logo":{"@type":"ImageObject","inLanguage":"sl-SI","@id":"https:\/\/future-career.eu\/sl\/#\/schema\/logo\/image\/","url":"https:\/\/future-career.eu\/wp-content\/uploads\/2023\/02\/Edu.Guidance-logo.png","contentUrl":"https:\/\/future-career.eu\/wp-content\/uploads\/2023\/02\/Edu.Guidance-logo.png","width":754,"height":778,"caption":"Edu Guidance"},"image":{"@id":"https:\/\/future-career.eu\/sl\/#\/schema\/logo\/image\/"}}]}},"_links":{"self":[{"href":"https:\/\/future-career.eu\/sl\/wp-json\/wp\/v2\/pages\/10382","targetHints":{"allow":["GET"]}}],"collection":[{"href":"https:\/\/future-career.eu\/sl\/wp-json\/wp\/v2\/pages"}],"about":[{"href":"https:\/\/future-career.eu\/sl\/wp-json\/wp\/v2\/types\/page"}],"author":[{"embeddable":true,"href":"https:\/\/future-career.eu\/sl\/wp-json\/wp\/v2\/users\/1"}],"replies":[{"embeddable":true,"href":"https:\/\/future-career.eu\/sl\/wp-json\/wp\/v2\/comments?post=10382"}],"version-history":[{"count":4,"href":"https:\/\/future-career.eu\/sl\/wp-json\/wp\/v2\/pages\/10382\/revisions"}],"predecessor-version":[{"id":10386,"href":"https:\/\/future-career.eu\/sl\/wp-json\/wp\/v2\/pages\/10382\/revisions\/10386"}],"wp:attachment":[{"href":"https:\/\/future-career.eu\/sl\/wp-json\/wp\/v2\/media?parent=10382"}],"curies":[{"name":"wp","href":"https:\/\/api.w.org\/{rel}","templated":true}]}}